{"id":15897,"date":"2023-07-07T14:59:55","date_gmt":"2023-07-07T12:59:55","guid":{"rendered":"https:\/\/www.skillcare.ch\/?page_id=15897"},"modified":"2025-08-21T10:22:01","modified_gmt":"2025-08-21T08:22:01","slug":"standorte","status":"publish","type":"page","link":"https:\/\/www.killias-beratung.ch\/index.php\/standorte\/","title":{"rendered":"Standorte"},"content":{"rendered":"<div class=\"fusion-fullwidth fullwidth-box fusion-builder-row-1 fusion-flex-container nonhundred-percent-fullwidth non-hundred-percent-height-scrolling\" style=\"background-color: rgba(255,255,255,0);background-position: center center;background-repeat: no-repeat;border-width: 0px 0px 0px 0px;border-color:#eae9e9;border-style:solid;\" ><div class=\"fusion-builder-row fusion-row fusion-flex-align-items-flex-start\" style=\"max-width:1216.8px;margin-left: calc(-4% \/ 2 );margin-right: calc(-4% \/ 2 );\"><div class=\"fusion-layout-column fusion_builder_column fusion-builder-column-0 fusion_builder_column_2_3 2_3 fusion-flex-column\"><div class=\"fusion-column-wrapper fusion-flex-justify-content-flex-start fusion-content-layout-column\" style=\"background-position:left top;background-repeat:no-repeat;-webkit-background-size:cover;-moz-background-size:cover;-o-background-size:cover;background-size:cover;padding: 0px 0px 0px 0px;\"><div ><span class=\" fusion-imageframe imageframe-none imageframe-1 hover-type-none\" style=\"border-radius:5px;\"><img decoding=\"async\" width=\"1600\" height=\"1280\" alt=\"Pers\u00f6nlichkeit st\u00e4rken in der Surselva\" title=\"Andiast\" src=\"https:\/\/www.killias-beratung.ch\/wp-content\/uploads\/2023\/07\/Andiast-1.jpg\" data-orig-src=\"https:\/\/www.killias-beratung.ch\/wp-content\/uploads\/2023\/07\/Andiast-1.jpg\" class=\"lazyload img-responsive wp-image-15879\" srcset=\"data:image\/svg+xml,%3Csvg%20xmlns%3D%27http%3A%2F%2Fwww.w3.org%2F2000%2Fsvg%27%20width%3D%271600%27%20height%3D%271280%27%20viewBox%3D%270%200%201600%201280%27%3E%3Crect%20width%3D%271600%27%20height%3D%271280%27%20fill-opacity%3D%220%22%2F%3E%3C%2Fsvg%3E\" data-srcset=\"https:\/\/www.killias-beratung.ch\/wp-content\/uploads\/2023\/07\/Andiast-1-200x160.jpg 200w, https:\/\/www.killias-beratung.ch\/wp-content\/uploads\/2023\/07\/Andiast-1-400x320.jpg 400w, https:\/\/www.killias-beratung.ch\/wp-content\/uploads\/2023\/07\/Andiast-1-600x480.jpg 600w, https:\/\/www.killias-beratung.ch\/wp-content\/uploads\/2023\/07\/Andiast-1-800x640.jpg 800w, https:\/\/www.killias-beratung.ch\/wp-content\/uploads\/2023\/07\/Andiast-1-1200x960.jpg 1200w, https:\/\/www.killias-beratung.ch\/wp-content\/uploads\/2023\/07\/Andiast-1.jpg 1600w\" data-sizes=\"auto\" data-orig-sizes=\"(max-width: 1024px) 100vw, (max-width: 766px) 100vw, 800px\" \/><\/span><\/div><\/div><style type=\"text\/css\">.fusion-body .fusion-builder-column-0{width:66.666666666667% !important;margin-top : 0px;margin-bottom : 20px;}.fusion-builder-column-0 > .fusion-column-wrapper {padding-top : 0px !important;padding-right : 0px !important;margin-right : 2.88%;padding-bottom : 0px !important;padding-left : 0px !important;margin-left : 2.88%;}@media only screen and (max-width:1024px) {.fusion-body .fusion-builder-column-0{width:100% !important;order : 0;}.fusion-builder-column-0 > .fusion-column-wrapper {margin-right : 1.92%;margin-left : 1.92%;}}@media only screen and (max-width:766px) {.fusion-body .fusion-builder-column-0{width:100% !important;order : 0;}.fusion-builder-column-0 > .fusion-column-wrapper {margin-right : 1.92%;margin-left : 1.92%;}}<\/style><\/div><div class=\"fusion-layout-column fusion_builder_column fusion-builder-column-1 fusion_builder_column_4_5 4_5 fusion-flex-column\"><div class=\"fusion-column-wrapper fusion-flex-justify-content-flex-start fusion-content-layout-column\" style=\"background-position:left top;background-repeat:no-repeat;-webkit-background-size:cover;-moz-background-size:cover;-o-background-size:cover;background-size:cover;padding: 0px 0px 0px 0px;\"><style type=\"text\/css\">@media only screen and (max-width:1024px) {.fusion-title.fusion-title-1{margin-top:0px!important; margin-right:0px!important;margin-bottom:30px!important;margin-left:0px!important;}}@media only screen and (max-width:766px) {.fusion-title.fusion-title-1{margin-top:0px!important; margin-right:0px!important;margin-bottom:20px!important; margin-left:0px!important;}}<\/style><div class=\"fusion-title title fusion-title-1 fusion-title-text fusion-title-size-one\" style=\"margin-top:0px;margin-right:0px;margin-bottom:30px;margin-left:0px;\"><div class=\"title-sep-container title-sep-container-left fusion-no-large-visibility fusion-no-medium-visibility fusion-no-small-visibility\"><div class=\"title-sep sep-\" style=\"border-color:#e0dede;\"><\/div><\/div><span class=\"awb-title-spacer fusion-no-large-visibility fusion-no-medium-visibility fusion-no-small-visibility\"><\/span><h1 class=\"title-heading-left\" style=\"margin:0;\"><h1 style=\"color: #4298b5;\"><span class=\"fontSemibold\">Patgific-Auszeit in der Surselva<\/span><\/h1><\/h1><span class=\"awb-title-spacer\"><\/span><div class=\"title-sep-container title-sep-container-right\"><div class=\"title-sep sep-\" style=\"border-color:#e0dede;\"><\/div><\/div><\/div><div class=\"fusion-text fusion-text-1\"><h3 style=\"color: #4298b5;\"><span class=\"fontSemibold\" style=\"font-weight: normal;\">Ausblick \u2013 Weitblick \u2013 Durchblick: Entschleunigung erleben und innere Ruhe finden<\/span><\/h3>\n<p><span style=\"font-style: var(--body_typography-font-style,normal); letter-spacing: var(--body_typography-letter-spacing);\">In dieser <\/span>einzigartigen<span style=\"font-style: var(--body_typography-font-style,normal); letter-spacing: var(--body_typography-letter-spacing);\"> Kombination aus psychologischer Beratung, Coaching und naturnaher <\/span>Auszeit<span style=\"font-style: var(--body_typography-font-style,normal); letter-spacing: var(--body_typography-letter-spacing);\"> in der Surselva st\u00e4rkst du dich in gesch\u00fctzter Umgebung. Einfach mal raus aus dem Alltag, abschalten, auftanken und neu durchstarten. Ganz nach dem Motto<\/span><span style=\"font-style: var(--body_typography-font-style,normal); letter-spacing: var(--body_typography-letter-spacing); color: #4298b5;\"> <strong style=\"font-style: var(--body_typography-font-style,normal); letter-spacing: var(--body_typography-letter-spacing);\">\u00abAusblick \u2013 Weitblick \u2013 Durchblick\u00bb, <\/strong><\/span><span style=\"font-style: var(--body_typography-font-style,normal); letter-spacing: var(--body_typography-letter-spacing);\">biete ich dir im sonnenverw\u00f6hnten Bergdorf Andiast\/Brigels die M\u00f6glichkeit, sich f\u00fcr eine kurze oder l\u00e4ngere Auszeit in ein geschichtstr\u00e4chtiges B\u00fcndner Holzhaus zur\u00fcckzuziehen. Weitere \u00dcbernachtungsm\u00f6glichkeiten sind ein Kloster, ein <\/span>Hotel oder eine Pension. <span style=\"font-style: var(--body_typography-font-style,normal); letter-spacing: var(--body_typography-letter-spacing);\">Ausspannen, auftanken und neue Energie gewinnen. Im 200 Seelen-Dorf k\u00f6nnen wir ungest\u00f6rt und fokussiert an deinen Themen arbeiten. Mit achtsamen Impulsen und pers\u00f6nlicher Begleitung erlebst du, was echte Entspannung <\/span>bedeutet<span style=\"font-style: var(--body_typography-font-style,normal); letter-spacing: var(--body_typography-letter-spacing);\"> \u2013 inmitten der Kraft der Berge. Hier entsteht Raum zur Regeneration, Selbstfindung, innerer Ruhe und \u00e4usserem Strahlen. Ich garantiere dir, dass du gest\u00e4rkt und voll neuer Energie in deinen Alltag zur\u00fcckkehren wirst. Du kannst deine Auszeit auch mit Ferien verbinden, Familie oder Freunde finden ebenfalls Platz. Egal ob Wandern oder Skifahren, alles liegt vor der Haust\u00fcre. Nat\u00fcrlich biete ich auch Beratungen f\u00fcr Alle an, die in der wundersch\u00f6nen Surselva wohnen oder Ferien machen. <\/span><span style=\"font-style: var(--body_typography-font-style,normal); letter-spacing: var(--body_typography-letter-spacing); color: #4298b5;\"><strong style=\"font-style: var(--body_typography-font-style,normal); letter-spacing: var(--body_typography-letter-spacing);\">\u00abDas sicherste Mittel gegen fast alles \u2013 ein Tag in den Bergen\u00bb. <\/strong><\/span><\/p>\n<h3 style=\"color: #4298b5;\">Die B\u00fcndner Art, das Leben zu entschleunigen: Patgific \u2013 die Kunst des Entspanntseins<\/h3>\n<p>Je hektischer der Alltag, umso gr\u00f6sser das Bed\u00fcrfnis nach Entspannung. Patgific ist nicht nur ein Wort, es steckt viel mehr hinter dem r\u00e4toromanischen Begriff: In einer Welt, in der ein Termin den n\u00e4chsten jagt, ist das Bed\u00fcrfnis nach Entspannung gross. Patgific ist ein Konzept der Entschleunigung, das als Gegenpol zur schnelllebigen Zeit ein Gef\u00fchl von Sicherheit und Geborgenheit vermittelt. Es geht darum, Dinge nicht immer wahnsinnig ernst zu nehmen, mitten in der Hektik Momente der Entspannung zu erleben und das Leben in seiner Einfachheit zu geniessen. Das B\u00fcndner Lebensgef\u00fchl ist ein Mindset, das das Leben einfacher und gem\u00fctlicher macht. <strong><span style=\"color: #4298b5;\">Mich nennt man La Patgifica und ich begleite dich zu deinem ganz pers\u00f6nlichen patgific way of life.<\/span><\/strong><\/p>\n<\/div><\/div><style type=\"text\/css\">.fusion-body .fusion-builder-column-1{width:80% !important;margin-top : 0px;margin-bottom : 20px;}.fusion-builder-column-1 > .fusion-column-wrapper {padding-top : 0px !important;padding-right : 0px !important;margin-right : 2.4%;padding-bottom : 0px !important;padding-left : 0px !important;margin-left : 2.4%;}@media only screen and (max-width:1024px) {.fusion-body .fusion-builder-column-1{width:100% !important;order : 0;}.fusion-builder-column-1 > .fusion-column-wrapper {margin-right : 1.92%;margin-left : 1.92%;}}@media only screen and (max-width:766px) {.fusion-body .fusion-builder-column-1{width:100% !important;order : 0;}.fusion-builder-column-1 > .fusion-column-wrapper {margin-right : 1.92%;margin-left : 1.92%;}}<\/style><\/div><\/div><style type=\"text\/css\">.fusion-body .fusion-flex-container.fusion-builder-row-1{ padding-top : 25px;margin-top : 60px;padding-right : 0px;padding-bottom : 25px;margin-bottom : 50px;padding-left : 0px;}@media only screen and (max-width:766px) {.fusion-body .fusion-flex-container.fusion-builder-row-1{ padding-top : 0px;margin-top : 0px;}}<\/style><\/div>\n","protected":false},"excerpt":{"rendered":"","protected":false},"author":1,"featured_media":0,"parent":0,"menu_order":0,"comment_status":"closed","ping_status":"closed","template":"100-width.php","meta":{"footnotes":""},"class_list":["post-15897","page","type-page","status-publish","hentry"],"yoast_head":"<!-- This site is optimized with the Yoast SEO Premium plugin v22.4 (Yoast SEO v24.9) - https:\/\/yoast.com\/wordpress\/plugins\/seo\/ -->\r\n<title>Standorte \u2013 Region Z\u00fcrich und Graub\u00fcnden \u2013 Killias Beratung<\/title>\r\n<meta name=\"description\" content=\"Wir bieten dir Coaching Sitzungen in Fischbach-G\u00f6slikon oder im \u00fcber 170-j\u00e4hrigen Chalet in Graub\u00fcnden im Sonnendorf Andiast.\" \/>\r\n<meta name=\"robots\" content=\"index, follow, max-snippet:-1, max-image-preview:large, max-video-preview:-1\" \/>\r\n<link rel=\"canonical\" href=\"https:\/\/www.killias-beratung.ch\/index.php\/standorte\/\" \/>\r\n<meta property=\"og:locale\" content=\"de_DE\" \/>\r\n<meta property=\"og:type\" content=\"article\" \/>\r\n<meta property=\"og:title\" content=\"Standorte\" \/>\r\n<meta property=\"og:description\" content=\"Wir bieten dir Coaching Sitzungen in Fischbach-G\u00f6slikon oder im \u00fcber 170-j\u00e4hrigen Chalet in Graub\u00fcnden im Sonnendorf Andiast.\" \/>\r\n<meta property=\"og:url\" content=\"https:\/\/www.killias-beratung.ch\/index.php\/standorte\/\" \/>\r\n<meta property=\"og:site_name\" content=\"Killias Beratung\" \/>\r\n<meta property=\"article:modified_time\" content=\"2025-08-21T08:22:01+00:00\" \/>\r\n<meta name=\"twitter:card\" content=\"summary_large_image\" \/>\r\n<script type=\"application\/ld+json\" class=\"yoast-schema-graph\">{\"@context\":\"https:\/\/schema.org\",\"@graph\":[{\"@type\":\"WebPage\",\"@id\":\"https:\/\/www.killias-beratung.ch\/index.php\/standorte\/\",\"url\":\"https:\/\/www.killias-beratung.ch\/index.php\/standorte\/\",\"name\":\"Standorte \u2013 Region Z\u00fcrich und Graub\u00fcnden \u2013 Killias Beratung\",\"isPartOf\":{\"@id\":\"https:\/\/www.killias-beratung.ch\/#website\"},\"datePublished\":\"2023-07-07T12:59:55+00:00\",\"dateModified\":\"2025-08-21T08:22:01+00:00\",\"description\":\"Wir bieten dir Coaching Sitzungen in Fischbach-G\u00f6slikon oder im \u00fcber 170-j\u00e4hrigen Chalet in Graub\u00fcnden im Sonnendorf Andiast.\",\"breadcrumb\":{\"@id\":\"https:\/\/www.killias-beratung.ch\/index.php\/standorte\/#breadcrumb\"},\"inLanguage\":\"de\",\"potentialAction\":[{\"@type\":\"ReadAction\",\"target\":[\"https:\/\/www.killias-beratung.ch\/index.php\/standorte\/\"]}]},{\"@type\":\"BreadcrumbList\",\"@id\":\"https:\/\/www.killias-beratung.ch\/index.php\/standorte\/#breadcrumb\",\"itemListElement\":[{\"@type\":\"ListItem\",\"position\":1,\"name\":\"Home\",\"item\":\"https:\/\/www.killias-beratung.ch\/\"},{\"@type\":\"ListItem\",\"position\":2,\"name\":\"Standorte\"}]},{\"@type\":\"WebSite\",\"@id\":\"https:\/\/www.killias-beratung.ch\/#website\",\"url\":\"https:\/\/www.killias-beratung.ch\/\",\"name\":\"Killias Beratung\",\"description\":\"\",\"publisher\":{\"@id\":\"https:\/\/www.killias-beratung.ch\/#organization\"},\"potentialAction\":[{\"@type\":\"SearchAction\",\"target\":{\"@type\":\"EntryPoint\",\"urlTemplate\":\"https:\/\/www.killias-beratung.ch\/?s={search_term_string}\"},\"query-input\":{\"@type\":\"PropertyValueSpecification\",\"valueRequired\":true,\"valueName\":\"search_term_string\"}}],\"inLanguage\":\"de\"},{\"@type\":\"Organization\",\"@id\":\"https:\/\/www.killias-beratung.ch\/#organization\",\"name\":\"Killias Beratung\",\"url\":\"https:\/\/www.killias-beratung.ch\/\",\"logo\":{\"@type\":\"ImageObject\",\"inLanguage\":\"de\",\"@id\":\"https:\/\/www.killias-beratung.ch\/#\/schema\/logo\/image\/\",\"url\":\"\",\"contentUrl\":\"\",\"caption\":\"Killias Beratung\"},\"image\":{\"@id\":\"https:\/\/www.killias-beratung.ch\/#\/schema\/logo\/image\/\"}}]}<\/script>\r\n<!-- \/ Yoast SEO Premium plugin. -->","yoast_head_json":{"title":"Standorte \u2013 Region Z\u00fcrich und Graub\u00fcnden \u2013 Killias Beratung","description":"Wir bieten dir Coaching Sitzungen in Fischbach-G\u00f6slikon oder im \u00fcber 170-j\u00e4hrigen Chalet in Graub\u00fcnden im Sonnendorf Andiast.","robots":{"index":"index","follow":"follow","max-snippet":"max-snippet:-1","max-image-preview":"max-image-preview:large","max-video-preview":"max-video-preview:-1"},"canonical":"https:\/\/www.killias-beratung.ch\/index.php\/standorte\/","og_locale":"de_DE","og_type":"article","og_title":"Standorte","og_description":"Wir bieten dir Coaching Sitzungen in Fischbach-G\u00f6slikon oder im \u00fcber 170-j\u00e4hrigen Chalet in Graub\u00fcnden im Sonnendorf Andiast.","og_url":"https:\/\/www.killias-beratung.ch\/index.php\/standorte\/","og_site_name":"Killias Beratung","article_modified_time":"2025-08-21T08:22:01+00:00","twitter_card":"summary_large_image","schema":{"@context":"https:\/\/schema.org","@graph":[{"@type":"WebPage","@id":"https:\/\/www.killias-beratung.ch\/index.php\/standorte\/","url":"https:\/\/www.killias-beratung.ch\/index.php\/standorte\/","name":"Standorte \u2013 Region Z\u00fcrich und Graub\u00fcnden \u2013 Killias Beratung","isPartOf":{"@id":"https:\/\/www.killias-beratung.ch\/#website"},"datePublished":"2023-07-07T12:59:55+00:00","dateModified":"2025-08-21T08:22:01+00:00","description":"Wir bieten dir Coaching Sitzungen in Fischbach-G\u00f6slikon oder im \u00fcber 170-j\u00e4hrigen Chalet in Graub\u00fcnden im Sonnendorf Andiast.","breadcrumb":{"@id":"https:\/\/www.killias-beratung.ch\/index.php\/standorte\/#breadcrumb"},"inLanguage":"de","potentialAction":[{"@type":"ReadAction","target":["https:\/\/www.killias-beratung.ch\/index.php\/standorte\/"]}]},{"@type":"BreadcrumbList","@id":"https:\/\/www.killias-beratung.ch\/index.php\/standorte\/#breadcrumb","itemListElement":[{"@type":"ListItem","position":1,"name":"Home","item":"https:\/\/www.killias-beratung.ch\/"},{"@type":"ListItem","position":2,"name":"Standorte"}]},{"@type":"WebSite","@id":"https:\/\/www.killias-beratung.ch\/#website","url":"https:\/\/www.killias-beratung.ch\/","name":"Killias Beratung","description":"","publisher":{"@id":"https:\/\/www.killias-beratung.ch\/#organization"},"potentialAction":[{"@type":"SearchAction","target":{"@type":"EntryPoint","urlTemplate":"https:\/\/www.killias-beratung.ch\/?s={search_term_string}"},"query-input":{"@type":"PropertyValueSpecification","valueRequired":true,"valueName":"search_term_string"}}],"inLanguage":"de"},{"@type":"Organization","@id":"https:\/\/www.killias-beratung.ch\/#organization","name":"Killias Beratung","url":"https:\/\/www.killias-beratung.ch\/","logo":{"@type":"ImageObject","inLanguage":"de","@id":"https:\/\/www.killias-beratung.ch\/#\/schema\/logo\/image\/","url":"","contentUrl":"","caption":"Killias Beratung"},"image":{"@id":"https:\/\/www.killias-beratung.ch\/#\/schema\/logo\/image\/"}}]}},"_links":{"self":[{"href":"https:\/\/www.killias-beratung.ch\/index.php\/wp-json\/wp\/v2\/pages\/15897","targetHints":{"allow":["GET"]}}],"collection":[{"href":"https:\/\/www.killias-beratung.ch\/index.php\/wp-json\/wp\/v2\/pages"}],"about":[{"href":"https:\/\/www.killias-beratung.ch\/index.php\/wp-json\/wp\/v2\/types\/page"}],"author":[{"embeddable":true,"href":"https:\/\/www.killias-beratung.ch\/index.php\/wp-json\/wp\/v2\/users\/1"}],"replies":[{"embeddable":true,"href":"https:\/\/www.killias-beratung.ch\/index.php\/wp-json\/wp\/v2\/comments?post=15897"}],"version-history":[{"count":79,"href":"https:\/\/www.killias-beratung.ch\/index.php\/wp-json\/wp\/v2\/pages\/15897\/revisions"}],"predecessor-version":[{"id":20158,"href":"https:\/\/www.killias-beratung.ch\/index.php\/wp-json\/wp\/v2\/pages\/15897\/revisions\/20158"}],"wp:attachment":[{"href":"https:\/\/www.killias-beratung.ch\/index.php\/wp-json\/wp\/v2\/media?parent=15897"}],"curies":[{"name":"wp","href":"https:\/\/api.w.org\/{rel}","templated":true}]}}