{"id":15847,"date":"2023-07-05T10:33:15","date_gmt":"2023-07-05T08:33:15","guid":{"rendered":"https:\/\/www.skillcare.ch\/?page_id=15847"},"modified":"2025-01-03T09:54:33","modified_gmt":"2025-01-03T08:54:33","slug":"konditionen","status":"publish","type":"page","link":"https:\/\/www.killias-beratung.ch\/index.php\/konditionen\/","title":{"rendered":"Reflexionssitzungen"},"content":{"rendered":"<div class=\"fusion-fullwidth fullwidth-box fusion-builder-row-1 fusion-flex-container nonhundred-percent-fullwidth non-hundred-percent-height-scrolling\" style=\"background-color: rgba(255,255,255,0);background-position: center center;background-repeat: no-repeat;border-width: 0px 0px 0px 0px;border-color:#eae9e9;border-style:solid;\" ><div class=\"fusion-builder-row fusion-row fusion-flex-align-items-flex-start\" style=\"max-width:1216.8px;margin-left: calc(-4% \/ 2 );margin-right: calc(-4% \/ 2 );\"><div class=\"fusion-layout-column fusion_builder_column fusion-builder-column-0 fusion_builder_column_1_1 1_1 fusion-flex-column\"><div class=\"fusion-column-wrapper fusion-flex-justify-content-flex-start fusion-content-layout-column\" style=\"background-position:left top;background-repeat:no-repeat;-webkit-background-size:cover;-moz-background-size:cover;-o-background-size:cover;background-size:cover;padding: 0px 0px 0px 0px;\"><style type=\"text\/css\">@media only screen and (max-width:1024px) {.fusion-title.fusion-title-1{margin-top:0px!important; margin-right:0px!important;margin-bottom:30px!important;margin-left:0px!important;}}@media only screen and (max-width:766px) {.fusion-title.fusion-title-1{margin-top:0px!important; margin-right:0px!important;margin-bottom:20px!important; margin-left:0px!important;}}<\/style><div class=\"fusion-title title fusion-title-1 fusion-title-text fusion-title-size-one\" style=\"margin-top:0px;margin-right:0px;margin-bottom:30px;margin-left:0px;\"><div class=\"title-sep-container title-sep-container-left fusion-no-large-visibility fusion-no-medium-visibility fusion-no-small-visibility\"><div class=\"title-sep sep-\" style=\"border-color:#e0dede;\"><\/div><\/div><span class=\"awb-title-spacer fusion-no-large-visibility fusion-no-medium-visibility fusion-no-small-visibility\"><\/span><h1 class=\"title-heading-left\" style=\"margin:0;\"><h1 class=\"colorRed\"><span style=\"color: #4298b5;\">Anerkannte Einzel- und Gruppenreflexionssitzungen f\u00fcr angehende betriebliche Mentor*innen.<\/span><\/h1><\/h1><span class=\"awb-title-spacer\"><\/span><div class=\"title-sep-container title-sep-container-right\"><div class=\"title-sep sep-\" style=\"border-color:#e0dede;\"><\/div><\/div><\/div><div class=\"fusion-text fusion-text-1 fusion-text-no-margin\" style=\"margin-bottom:3rem;\"><p style=\"font-weight: 400;\"><strong>Als anerkannte Begleitungsperson unterst\u00fctze ich Sie in Ihrer pers\u00f6nlichen Entwicklung.<\/strong><\/p>\n<p style=\"font-weight: 400;\">Ich begleite Sie als angehende*r betriebliche*R Mentor*in bis zur Berufspr\u00fcfung mit eidgen\u00f6ssischem Fachausweis.<\/p>\n<p style=\"font-weight: 400;\">Reflexionssitzungen biete ich f\u00fcr Einzelpersonen, Gruppen und f\u00fcr Ausbildungsinstitute an, auf Wunsch und nach M\u00f6glichkeit hundegest\u00fctzt. Die Sitzungen finden entweder an einzelnen Tagen in der Garten(Traum)-Box in Fischbach G\u00f6slikon statt oder k\u00f6nnen als Intensiv-Reflexionspaket in der wundersch\u00f6nen Surselva (inkl. \u00dcbernachtungen) oder an einem Ort deiner Wahl gebucht werden.<\/p>\n<p style=\"font-weight: 400;\">Die neun geforderten Reflexionssitzungen unterst\u00fctzen den\/die angehende\/n etriebliche\/r Mentor\/in mit eidg. FA, sich selbst besser wahrzunehmen und somit auch andere besser zu begleiten.<\/p>\n<p style=\"font-weight: 400;\">Bei diesen Sitzungen geht es um pers\u00f6nliche Entwicklung. Wir setzen uns mit Selbst- und Sozialkompetenzen auseinander und erweitern Ihre Fach- und Methodenkompetenz. Wir besch\u00e4ftigen uns mit Themen wie beispielswese: psychologische Grundlagen, Gespr\u00e4chskompetenzen, Kommunikation, Wirkungskompetenz, Stressmanagement und Resilienz, mentale Gesundheit und St\u00e4rke, emotionale Intelligenz.<\/p>\n<p style=\"font-weight: 400;\"><strong>Gut zu wissen:<\/strong> Sie erhalten 50% Kursgeldr\u00fcckerstattung in Form von Bundes-Subventionen beim erfolgreichen Abschluss betrieblicher Mentor\/in mit eidg. Fachausweis<\/p>\n<\/div><\/div><style type=\"text\/css\">.fusion-body .fusion-builder-column-0{width:100% !important;margin-top : 0px;margin-bottom : 20px;}.fusion-builder-column-0 > .fusion-column-wrapper {padding-top : 0px !important;padding-right : 0px !important;margin-right : 1.92%;padding-bottom : 0px !important;padding-left : 0px !important;margin-left : 1.92%;}@media only screen and (max-width:1024px) {.fusion-body .fusion-builder-column-0{width:100% !important;order : 0;}.fusion-builder-column-0 > .fusion-column-wrapper {margin-right : 1.92%;margin-left : 1.92%;}}@media only screen and (max-width:766px) {.fusion-body .fusion-builder-column-0{width:100% !important;order : 0;}.fusion-builder-column-0 > .fusion-column-wrapper {margin-right : 1.92%;margin-left : 1.92%;}}<\/style><\/div><div class=\"fusion-layout-column fusion_builder_column fusion-builder-column-1 fusion_builder_column_2_3 2_3 fusion-flex-column\"><div class=\"fusion-column-wrapper fusion-flex-justify-content-flex-start fusion-content-layout-column\" style=\"background-position:left top;background-repeat:no-repeat;-webkit-background-size:cover;-moz-background-size:cover;-o-background-size:cover;background-size:cover;padding: 0px 10px 0px 0px;\"><div class=\"fusion-text fusion-text-2 fusion-text-no-margin\" style=\"margin-bottom:3rem;\"><h2 class=\"title-heading-left\" style=\"margin: 0; color: #ad134f; margin-bottom: 15px;\"><\/h2>\n<\/div><\/div><style type=\"text\/css\">.fusion-body .fusion-builder-column-1{width:66.666666666667% !important;margin-top : 0px;margin-bottom : 20px;}.fusion-builder-column-1 > .fusion-column-wrapper {padding-top : 0px !important;padding-right : 10px !important;margin-right : 2.88%;padding-bottom : 0px !important;padding-left : 0px !important;margin-left : 2.88%;}@media only screen and (max-width:1024px) {.fusion-body .fusion-builder-column-1{width:100% !important;order : 0;}.fusion-builder-column-1 > .fusion-column-wrapper {margin-right : 1.92%;margin-left : 1.92%;}}@media only screen and (max-width:766px) {.fusion-body .fusion-builder-column-1{width:100% !important;order : 0;}.fusion-builder-column-1 > .fusion-column-wrapper {margin-right : 1.92%;margin-left : 1.92%;}}<\/style><\/div><\/div><style type=\"text\/css\">.fusion-body .fusion-flex-container.fusion-builder-row-1{ padding-top : 25px;margin-top : 60px;padding-right : 0px;padding-bottom : 0px;margin-bottom : 0px;padding-left : 0px;}@media only screen and (max-width:1024px) {.fusion-body .fusion-flex-container.fusion-builder-row-1{ margin-top : 40px;}}@media only screen and (max-width:766px) {.fusion-body .fusion-flex-container.fusion-builder-row-1{ padding-top : 0px;margin-top : 0px;}}<\/style><\/div>\n","protected":false},"excerpt":{"rendered":"","protected":false},"author":1,"featured_media":0,"parent":0,"menu_order":0,"comment_status":"closed","ping_status":"closed","template":"100-width.php","meta":{"footnotes":""},"class_list":["post-15847","page","type-page","status-publish","hentry"],"yoast_head":"<!-- This site is optimized with the Yoast SEO Premium plugin v22.4 (Yoast SEO v24.9) - https:\/\/yoast.com\/wordpress\/plugins\/seo\/ -->\r\n<title>Reflexionssitzungen - Killias Beratung<\/title>\r\n<meta name=\"robots\" content=\"index, follow, max-snippet:-1, max-image-preview:large, max-video-preview:-1\" \/>\r\n<link rel=\"canonical\" href=\"https:\/\/www.killias-beratung.ch\/index.php\/konditionen\/\" \/>\r\n<meta property=\"og:locale\" content=\"de_DE\" \/>\r\n<meta property=\"og:type\" content=\"article\" \/>\r\n<meta property=\"og:title\" content=\"Reflexionssitzungen\" \/>\r\n<meta property=\"og:url\" content=\"https:\/\/www.killias-beratung.ch\/index.php\/konditionen\/\" \/>\r\n<meta property=\"og:site_name\" content=\"Killias Beratung\" \/>\r\n<meta property=\"article:modified_time\" content=\"2025-01-03T08:54:33+00:00\" \/>\r\n<meta name=\"twitter:card\" content=\"summary_large_image\" \/>\r\n<script type=\"application\/ld+json\" class=\"yoast-schema-graph\">{\"@context\":\"https:\/\/schema.org\",\"@graph\":[{\"@type\":\"WebPage\",\"@id\":\"https:\/\/www.killias-beratung.ch\/index.php\/konditionen\/\",\"url\":\"https:\/\/www.killias-beratung.ch\/index.php\/konditionen\/\",\"name\":\"Reflexionssitzungen - Killias Beratung\",\"isPartOf\":{\"@id\":\"https:\/\/www.killias-beratung.ch\/#website\"},\"datePublished\":\"2023-07-05T08:33:15+00:00\",\"dateModified\":\"2025-01-03T08:54:33+00:00\",\"breadcrumb\":{\"@id\":\"https:\/\/www.killias-beratung.ch\/index.php\/konditionen\/#breadcrumb\"},\"inLanguage\":\"de\",\"potentialAction\":[{\"@type\":\"ReadAction\",\"target\":[\"https:\/\/www.killias-beratung.ch\/index.php\/konditionen\/\"]}]},{\"@type\":\"BreadcrumbList\",\"@id\":\"https:\/\/www.killias-beratung.ch\/index.php\/konditionen\/#breadcrumb\",\"itemListElement\":[{\"@type\":\"ListItem\",\"position\":1,\"name\":\"Home\",\"item\":\"https:\/\/www.killias-beratung.ch\/\"},{\"@type\":\"ListItem\",\"position\":2,\"name\":\"Reflexionssitzungen\"}]},{\"@type\":\"WebSite\",\"@id\":\"https:\/\/www.killias-beratung.ch\/#website\",\"url\":\"https:\/\/www.killias-beratung.ch\/\",\"name\":\"Killias Beratung\",\"description\":\"\",\"publisher\":{\"@id\":\"https:\/\/www.killias-beratung.ch\/#organization\"},\"potentialAction\":[{\"@type\":\"SearchAction\",\"target\":{\"@type\":\"EntryPoint\",\"urlTemplate\":\"https:\/\/www.killias-beratung.ch\/?s={search_term_string}\"},\"query-input\":{\"@type\":\"PropertyValueSpecification\",\"valueRequired\":true,\"valueName\":\"search_term_string\"}}],\"inLanguage\":\"de\"},{\"@type\":\"Organization\",\"@id\":\"https:\/\/www.killias-beratung.ch\/#organization\",\"name\":\"Killias Beratung\",\"url\":\"https:\/\/www.killias-beratung.ch\/\",\"logo\":{\"@type\":\"ImageObject\",\"inLanguage\":\"de\",\"@id\":\"https:\/\/www.killias-beratung.ch\/#\/schema\/logo\/image\/\",\"url\":\"\",\"contentUrl\":\"\",\"caption\":\"Killias Beratung\"},\"image\":{\"@id\":\"https:\/\/www.killias-beratung.ch\/#\/schema\/logo\/image\/\"}}]}<\/script>\r\n<!-- \/ Yoast SEO Premium plugin. -->","yoast_head_json":{"title":"Reflexionssitzungen - Killias Beratung","robots":{"index":"index","follow":"follow","max-snippet":"max-snippet:-1","max-image-preview":"max-image-preview:large","max-video-preview":"max-video-preview:-1"},"canonical":"https:\/\/www.killias-beratung.ch\/index.php\/konditionen\/","og_locale":"de_DE","og_type":"article","og_title":"Reflexionssitzungen","og_url":"https:\/\/www.killias-beratung.ch\/index.php\/konditionen\/","og_site_name":"Killias Beratung","article_modified_time":"2025-01-03T08:54:33+00:00","twitter_card":"summary_large_image","schema":{"@context":"https:\/\/schema.org","@graph":[{"@type":"WebPage","@id":"https:\/\/www.killias-beratung.ch\/index.php\/konditionen\/","url":"https:\/\/www.killias-beratung.ch\/index.php\/konditionen\/","name":"Reflexionssitzungen - Killias Beratung","isPartOf":{"@id":"https:\/\/www.killias-beratung.ch\/#website"},"datePublished":"2023-07-05T08:33:15+00:00","dateModified":"2025-01-03T08:54:33+00:00","breadcrumb":{"@id":"https:\/\/www.killias-beratung.ch\/index.php\/konditionen\/#breadcrumb"},"inLanguage":"de","potentialAction":[{"@type":"ReadAction","target":["https:\/\/www.killias-beratung.ch\/index.php\/konditionen\/"]}]},{"@type":"BreadcrumbList","@id":"https:\/\/www.killias-beratung.ch\/index.php\/konditionen\/#breadcrumb","itemListElement":[{"@type":"ListItem","position":1,"name":"Home","item":"https:\/\/www.killias-beratung.ch\/"},{"@type":"ListItem","position":2,"name":"Reflexionssitzungen"}]},{"@type":"WebSite","@id":"https:\/\/www.killias-beratung.ch\/#website","url":"https:\/\/www.killias-beratung.ch\/","name":"Killias Beratung","description":"","publisher":{"@id":"https:\/\/www.killias-beratung.ch\/#organization"},"potentialAction":[{"@type":"SearchAction","target":{"@type":"EntryPoint","urlTemplate":"https:\/\/www.killias-beratung.ch\/?s={search_term_string}"},"query-input":{"@type":"PropertyValueSpecification","valueRequired":true,"valueName":"search_term_string"}}],"inLanguage":"de"},{"@type":"Organization","@id":"https:\/\/www.killias-beratung.ch\/#organization","name":"Killias Beratung","url":"https:\/\/www.killias-beratung.ch\/","logo":{"@type":"ImageObject","inLanguage":"de","@id":"https:\/\/www.killias-beratung.ch\/#\/schema\/logo\/image\/","url":"","contentUrl":"","caption":"Killias Beratung"},"image":{"@id":"https:\/\/www.killias-beratung.ch\/#\/schema\/logo\/image\/"}}]}},"_links":{"self":[{"href":"https:\/\/www.killias-beratung.ch\/index.php\/wp-json\/wp\/v2\/pages\/15847","targetHints":{"allow":["GET"]}}],"collection":[{"href":"https:\/\/www.killias-beratung.ch\/index.php\/wp-json\/wp\/v2\/pages"}],"about":[{"href":"https:\/\/www.killias-beratung.ch\/index.php\/wp-json\/wp\/v2\/types\/page"}],"author":[{"embeddable":true,"href":"https:\/\/www.killias-beratung.ch\/index.php\/wp-json\/wp\/v2\/users\/1"}],"replies":[{"embeddable":true,"href":"https:\/\/www.killias-beratung.ch\/index.php\/wp-json\/wp\/v2\/comments?post=15847"}],"version-history":[{"count":40,"href":"https:\/\/www.killias-beratung.ch\/index.php\/wp-json\/wp\/v2\/pages\/15847\/revisions"}],"predecessor-version":[{"id":19261,"href":"https:\/\/www.killias-beratung.ch\/index.php\/wp-json\/wp\/v2\/pages\/15847\/revisions\/19261"}],"wp:attachment":[{"href":"https:\/\/www.killias-beratung.ch\/index.php\/wp-json\/wp\/v2\/media?parent=15847"}],"curies":[{"name":"wp","href":"https:\/\/api.w.org\/{rel}","templated":true}]}}