{"id":14524,"date":"2024-04-04T13:40:00","date_gmt":"2024-04-04T11:40:00","guid":{"rendered":"https:\/\/www.skill-mentoring.ch\/?page_id=14524"},"modified":"2025-11-01T09:30:45","modified_gmt":"2025-11-01T08:30:45","slug":"mentales-betriebliches-gesundheitscoaching","status":"publish","type":"page","link":"https:\/\/www.killias-beratung.ch\/index.php\/mentales-betriebliches-gesundheitscoaching\/","title":{"rendered":"Mentales, betriebliches Gesundheitscoaching"},"content":{"rendered":"<div class=\"fusion-fullwidth fullwidth-box fusion-builder-row-1 fusion-flex-container hundred-percent-fullwidth non-hundred-percent-height-scrolling\" style=\"background-color: rgba(255,255,255,0);background-position: center center;background-repeat: no-repeat;border-width: 0px 0px 0px 0px;border-color:#eae9e9;border-style:solid;\" ><div class=\"fusion-builder-row fusion-row fusion-flex-align-items-flex-start fusion-flex-justify-content-flex-end\" style=\"width:104% !important;max-width:104% !important;margin-left: calc(-4% \/ 2 );margin-right: calc(-4% \/ 2 );\"><div class=\"fusion-layout-column fusion_builder_column fusion-builder-column-0 fusion_builder_column_1_2 1_2 fusion-flex-column fusion-no-large-visibility\"><div class=\"fusion-column-wrapper fusion-flex-justify-content-flex-start fusion-content-layout-column\" style=\"background-position:left top;background-repeat:no-repeat;-webkit-background-size:cover;-moz-background-size:cover;-o-background-size:cover;background-size:cover;padding: 0px 0px 0px 0px;\"><div class=\"fusion-text fusion-text-1\"><h1 class=\"colorRed\"><span class=\"fontBold\" style=\"color: #4298b5;\">\u00abThe strenght of a team is each individual member. The strength of each individual member ist the team\u00bb<\/span><\/h1>\n<p><span class=\"fontLight\" style=\"color: #4298b5;\">Wie mental stark und fit sind du und deine Mitarbeitenden? Seid ihr schon patgific?<\/span><\/p>\n<\/div><\/div><style type=\"text\/css\">.fusion-body .fusion-builder-column-0{width:50% !important;margin-top : 0px;margin-bottom : 20px;}.fusion-builder-column-0 > .fusion-column-wrapper {padding-top : 0px !important;padding-right : 0px !important;margin-right : 3.84%;padding-bottom : 0px !important;padding-left : 0px !important;margin-left : 3.84%;}@media only screen and (max-width:1024px) {.fusion-body .fusion-builder-column-0{width:100% !important;order : 0;}.fusion-builder-column-0 > .fusion-column-wrapper {margin-right : 1.92%;padding-left : 0px !important;margin-left : 1.92%;}}@media only screen and (max-width:766px) {.fusion-body .fusion-builder-column-0{width:100% !important;order : 0;}.fusion-builder-column-0 > .fusion-column-wrapper {margin-right : 1.92%;margin-left : 1.92%;}}<\/style><\/div><div class=\"fusion-layout-column fusion_builder_column fusion-builder-column-1 fusion_builder_column_1_2 1_2 fusion-flex-column fusion-flex-align-self-center imageoutbreakbottom imagecuttop fusion-no-small-visibility fusion-no-medium-visibility\"><div class=\"fusion-column-wrapper fusion-flex-justify-content-flex-end fusion-content-layout-row\" style=\"background-position:left top;background-repeat:no-repeat;-webkit-background-size:cover;-moz-background-size:cover;-o-background-size:cover;background-size:cover;padding: 0px 0px 0px 0px;\"><div ><span class=\" fusion-imageframe imageframe-none imageframe-1 hover-type-none bubblepointer\" style=\"border-radius:5px;\"><img decoding=\"async\" src=\"https:\/\/www.killias-beratung.ch\/wp-content\/uploads\/2021\/10\/bubble-business-coaching-korrektur-300x264.png\" class=\"img-responsive disable-lazyload\"\/><\/span><\/div><\/div><style type=\"text\/css\">.fusion-body .fusion-builder-column-1{width:50% !important;margin-top : 0px;margin-bottom : 0px;}.fusion-builder-column-1 > .fusion-column-wrapper {padding-top : 0px !important;padding-right : 0px !important;margin-right : 3.84%;padding-bottom : 0px !important;padding-left : 0px !important;margin-left : 0%;}@media only screen and (max-width:1024px) {.fusion-body .fusion-builder-column-1{width:100% !important;order : 0;}.fusion-builder-column-1 > .fusion-column-wrapper {margin-right : 1.92%;margin-left : 1.92%;}}@media only screen and (max-width:766px) {.fusion-body .fusion-builder-column-1{width:100% !important;order : 0;}.fusion-builder-column-1 > .fusion-column-wrapper {margin-right : 1.92%;margin-left : 1.92%;}}<\/style><\/div><\/div><style type=\"text\/css\">.fusion-body .fusion-flex-container.fusion-builder-row-1{ padding-top : 0px;margin-top : 0px;padding-right : 0px;padding-bottom : 0px;margin-bottom : 0px;padding-left : 0px;}@media only screen and (max-width:1024px) {.fusion-body .fusion-flex-container.fusion-builder-row-1{ padding-top : 40px;padding-right : 30px;padding-bottom : 20px;padding-left : 30px;}}@media only screen and (max-width:766px) {.fusion-body .fusion-flex-container.fusion-builder-row-1{ padding-top : 30px;padding-right : 20px;padding-bottom : 20px;padding-left : 20px;}}<\/style><\/div><div class=\"fusion-fullwidth fullwidth-box fusion-builder-row-2 fusion-flex-container fixoutbreak hundred-percent-fullwidth non-hundred-percent-height-scrolling\" style=\"background-color: rgba(255,255,255,0);background-position: center center;background-repeat: no-repeat;border-width: 0px 0px 0px 0px;border-color:#eae9e9;border-style:solid;\" ><div class=\"fusion-builder-row fusion-row fusion-flex-align-items-flex-start\" style=\"width:104% !important;max-width:104% !important;margin-left: calc(-4% \/ 2 );margin-right: calc(-4% \/ 2 );\"><div class=\"fusion-layout-column fusion_builder_column fusion-builder-column-2 fusion_builder_column_2_3 2_3 fusion-flex-column imageoverchange magnifyingglass\"><div class=\"fusion-column-wrapper fusion-flex-justify-content-flex-start fusion-content-layout-column\" style=\"background-position:left top;background-repeat:no-repeat;-webkit-background-size:cover;-moz-background-size:cover;-o-background-size:cover;background-size:cover;padding: 0px 0px 0px 0px;\"><div ><span class=\" fusion-imageframe imageframe-none imageframe-2 hover-type-none imagefullwidth imageone\"><img decoding=\"async\" width=\"1600\" height=\"1067\" src=\"https:\/\/www.killias-beratung.ch\/wp-content\/uploads\/2021\/10\/Business-Coaching-Head-sw.jpg\" class=\"img-responsive wp-image-14522 disable-lazyload\" srcset=\"https:\/\/www.killias-beratung.ch\/wp-content\/uploads\/2021\/10\/Business-Coaching-Head-sw-200x133.jpg 200w, https:\/\/www.killias-beratung.ch\/wp-content\/uploads\/2021\/10\/Business-Coaching-Head-sw-400x267.jpg 400w, https:\/\/www.killias-beratung.ch\/wp-content\/uploads\/2021\/10\/Business-Coaching-Head-sw-600x400.jpg 600w, https:\/\/www.killias-beratung.ch\/wp-content\/uploads\/2021\/10\/Business-Coaching-Head-sw-800x534.jpg 800w, https:\/\/www.killias-beratung.ch\/wp-content\/uploads\/2021\/10\/Business-Coaching-Head-sw-1200x800.jpg 1200w, https:\/\/www.killias-beratung.ch\/wp-content\/uploads\/2021\/10\/Business-Coaching-Head-sw.jpg 1600w\" sizes=\"(max-width: 1024px) 100vw, (max-width: 766px) 100vw, 800px\" \/><\/span><\/div><div ><span class=\" fusion-imageframe imageframe-none imageframe-3 hover-type-none imagefullwidth imagetwo\"><img decoding=\"async\" width=\"1600\" height=\"1067\" src=\"https:\/\/www.killias-beratung.ch\/wp-content\/uploads\/2021\/10\/Business-Coaching-Head-farbe.jpg\" class=\"img-responsive wp-image-14521 disable-lazyload\" srcset=\"https:\/\/www.killias-beratung.ch\/wp-content\/uploads\/2021\/10\/Business-Coaching-Head-farbe-200x133.jpg 200w, https:\/\/www.killias-beratung.ch\/wp-content\/uploads\/2021\/10\/Business-Coaching-Head-farbe-400x267.jpg 400w, https:\/\/www.killias-beratung.ch\/wp-content\/uploads\/2021\/10\/Business-Coaching-Head-farbe-600x400.jpg 600w, https:\/\/www.killias-beratung.ch\/wp-content\/uploads\/2021\/10\/Business-Coaching-Head-farbe-800x534.jpg 800w, https:\/\/www.killias-beratung.ch\/wp-content\/uploads\/2021\/10\/Business-Coaching-Head-farbe-1200x800.jpg 1200w, https:\/\/www.killias-beratung.ch\/wp-content\/uploads\/2021\/10\/Business-Coaching-Head-farbe.jpg 1600w\" sizes=\"(max-width: 1024px) 100vw, (max-width: 766px) 100vw, 800px\" \/><\/span><\/div><\/div><style type=\"text\/css\">.fusion-body .fusion-builder-column-2{width:66.666666666667% !important;margin-top : 0px;margin-bottom : 20px;}.fusion-builder-column-2 > .fusion-column-wrapper {padding-top : 0 !important;padding-right : 0px !important;margin-right : 2.88%;padding-bottom : 0 !important;padding-left : 0px !important;margin-left : 0%;}@media only screen and (max-width:1024px) {.fusion-body .fusion-builder-column-2{width:100% !important;order : 0;margin-bottom : 0px;}.fusion-builder-column-2 > .fusion-column-wrapper {margin-right : 1.92%;padding-bottom : 0px !important;margin-left : 1.92%;}}@media only screen and (max-width:766px) {.fusion-body .fusion-builder-column-2{width:100% !important;order : 0;}.fusion-builder-column-2 > .fusion-column-wrapper {margin-right : 1.92%;margin-left : 1.92%;}}<\/style><\/div><\/div><style type=\"text\/css\">.fusion-body .fusion-flex-container.fusion-builder-row-2{ padding-top : 0px;margin-top : 0px;padding-right : 0px;padding-bottom : 0px;margin-bottom : 0px;padding-left : 0px;}<\/style><\/div><div class=\"fusion-fullwidth fullwidth-box fusion-builder-row-3 fusion-flex-container nonhundred-percent-fullwidth non-hundred-percent-height-scrolling\" style=\"background-color: rgba(255,255,255,0);background-position: center center;background-repeat: no-repeat;border-width: 0px 0px 0px 0px;border-color:#eae9e9;border-style:solid;\" ><div class=\"fusion-builder-row fusion-row fusion-flex-align-items-flex-start\" style=\"max-width:1216.8px;margin-left: calc(-4% \/ 2 );margin-right: calc(-4% \/ 2 );\"><div class=\"fusion-layout-column fusion_builder_column fusion-builder-column-3 fusion_builder_column_1_1 1_1 fusion-flex-column\"><div class=\"fusion-column-wrapper fusion-flex-justify-content-flex-start fusion-content-layout-column\" style=\"background-position:left top;background-repeat:no-repeat;-webkit-background-size:cover;-moz-background-size:cover;-o-background-size:cover;background-size:cover;padding: 0px 0px 0px 0px;\"><div class=\"fusion-text fusion-text-2\"><h3 class=\"fontSemibold\"><span style=\"color: #4298b5; font-weight: normal;\">M\u00f6chtest du, dass deine Mitarbeitenden berufliche und private Belastungen, Probleme und Krisen mit einer Portion Gelassenheit und innerer St\u00e4rke bew\u00e4ltigen k\u00f6nnen? Als betriebliche Mentorin mit eidg. FA stehe ich beratend und st\u00e4rkend zur Seite. Bei mir k\u00f6nnen sich Mitarbeiter*innen \u00a0und Arbeitgeber*innen aussprechen und neue Handlungsans\u00e4tze k\u00f6nnen trainiert werden. <\/span><\/h3>\n<p class=\"fontLight\">Sich bei einem neutralen Berater aussprechen zu k\u00f6nnen, sich beraten zu lassen und an einem konkreten Thema arbeiten und trainieren zu k\u00f6nnen, ist Teil eines achtsamen F\u00fchrungsstils und zeugt von Wertsch\u00e4tzung den Mitarbeitenden gegen\u00fcber. Psychische Belastungen und Stress am Arbeitsplatz wirken sich nicht nur auf das pers\u00f6nliche Wohlbefinden, sondern auch auf Motivation, Leistung und Teamdynamik aus. Als psychosoziale Beraterin und eidg. betriebliche Mentorin unterst\u00fctzte ich Unternehmen dabei, Mitarbeitende in herausfordernden Situationen zu st\u00e4rken und gesunde Strukturen zu f\u00f6rdern.<\/p>\n<\/div><div class=\"fusion-text fusion-text-3\"><\/div><\/div><style type=\"text\/css\">.fusion-body .fusion-builder-column-3{width:100% !important;margin-top : 0px;margin-bottom : 0px;}.fusion-builder-column-3 > .fusion-column-wrapper {padding-top : 0px !important;padding-right : 0px !important;margin-right : 1.92%;padding-bottom : 0px !important;padding-left : 0px !important;margin-left : 1.92%;}@media only screen and (max-width:1024px) {.fusion-body .fusion-builder-column-3{width:100% !important;order : 0;}.fusion-builder-column-3 > .fusion-column-wrapper {margin-right : 1.92%;margin-left : 1.92%;}}@media only screen and (max-width:766px) {.fusion-body .fusion-builder-column-3{width:100% !important;order : 0;}.fusion-builder-column-3 > .fusion-column-wrapper {margin-right : 1.92%;margin-left : 1.92%;}}<\/style><\/div><\/div><style type=\"text\/css\">.fusion-body .fusion-flex-container.fusion-builder-row-3{ padding-top : 0px;margin-top : 40px;padding-right : 0px;padding-bottom : 0px;margin-bottom : 0px;padding-left : 40px;}@media only screen and (max-width:1024px) {.fusion-body .fusion-flex-container.fusion-builder-row-3{ padding-right : 30px;padding-left : 30px;}}@media only screen and (max-width:766px) {.fusion-body .fusion-flex-container.fusion-builder-row-3{ padding-right : 20px;padding-left : 20px;}}<\/style><\/div><div class=\"fusion-fullwidth fullwidth-box fusion-builder-row-4 fusion-flex-container nonhundred-percent-fullwidth non-hundred-percent-height-scrolling\" style=\"background-color: rgba(255,255,255,0);background-position: center center;background-repeat: no-repeat;border-width: 0px 0px 0px 0px;border-color:#eae9e9;border-style:solid;\" ><div class=\"fusion-builder-row fusion-row fusion-flex-align-items-flex-start\" style=\"max-width:1216.8px;margin-left: calc(-4% \/ 2 );margin-right: calc(-4% \/ 2 );\"><div class=\"fusion-layout-column fusion_builder_column fusion-builder-column-4 fusion_builder_column_1_1 1_1 fusion-flex-column\"><div class=\"fusion-column-wrapper fusion-flex-justify-content-flex-start fusion-content-layout-column\" style=\"background-position:left top;background-repeat:no-repeat;-webkit-background-size:cover;-moz-background-size:cover;-o-background-size:cover;background-size:cover;padding: 0px 0px 0px 0px;\"><div class=\"fusion-text fusion-text-4\"><h3 class=\"fontSemibold\" style=\"color: #4298b5;\"><span style=\"font-weight: normal;\">Warum lohnt es sich auf eine externe, betriebliche Mentorin \/ Business Coachin zu setzen?<\/span><\/h3>\n<p><span style=\"font-style: var(--body_typography-font-style,normal); letter-spacing: var(--body_typography-letter-spacing);\">Mitarbeitende und F\u00fchrungskr\u00e4fte geraten im Laufe ihres Arbeitslebens oft an ihre Grenzen und m\u00fcssen schwierige Situationen meistern, Vorgesetzte stehen unter Druck, Mitarbeitende f\u00fchlen sich \u00fcberfordert, Lernende haben mentale Probleme oder Lernschwierigkeiten. Die Praxis hat gezeigt, dass es Mitarbeitenden oft leichter <\/span>f\u00e4llt, sich einer Person zu \u00f6ffnen, die nicht zum HR- oder Leitungsteam geh\u00f6rt, um \u00fcber ihre Schwierigkeiten und Probleme sprechen zu k\u00f6nnen. <span style=\"font-style: var(--body_typography-font-style,normal); letter-spacing: var(--body_typography-letter-spacing);\">Ich biete professionelle, l\u00f6sungsorientierte Unterst\u00fctzung an.Oder g<\/span><span style=\"font-style: var(--body_typography-font-style,normal); letter-spacing: var(--body_typography-letter-spacing);\">ibt es im Teams Unstimmigkeiten und\/oder die Zusammenarbeit l\u00e4uft nicht optimal? Hapert es in der Kommunikation? In einem Team k\u00f6nnen sich schwierige Situationen ergeben, die gemeistert werden m\u00fcssen. Hier verhilft ein neutraler Blick von aussen zu mehr Klarheit. Oder m\u00f6chtest du deinem Team einfach die M\u00f6glichkeit zur Weiterentwicklung bieten?<\/span><\/p>\n<\/div><div class=\"fusion-text fusion-text-5\"><h3 class=\"fontSemibold\" style=\"color: #4298b5;\"><span style=\"font-weight: normal;\">Themenbereiche:<\/span><\/h3>\n<ul>\n<li>Mentale St\u00e4rke und mentale Gesundheit<\/li>\n<li>Innere Ruhe, Klarheit und Gelassenheit<\/li>\n<li>Stressmanagement und Resilienz<\/li>\n<li>Kommunikation<\/li>\n<li>K\u00f6rpersprache \/ Mimik<\/li>\n<li>Pr\u00e4sentieren \/ Auftreten \/ \u00dcberzeugen<\/li>\n<li>Wirkungskompetenz: bspw. w<span style=\"font-style: var(--body_typography-font-style,normal); letter-spacing: var(--body_typography-letter-spacing);\">irke ich auf andere so wie ich m\u00f6chte? Stimmen Selbst- und Fremdwahrnehmung \u00fcberein?<\/span><\/li>\n<li>St\u00e4rken der Emotionalen Intelligenz<\/li>\n<li>Emotionsregulierung<\/li>\n<li>Trauer- und Verlustverarbeitung<\/li>\n<li>Feedback-Kultur<\/li>\n<li>Konflikte \/ Mobbing \/ Mediation<\/li>\n<li>Werte-Arbeit<\/li>\n<li>Systemisches Denken als Grundhaltung<\/li>\n<\/ul>\n<\/div><\/div><style type=\"text\/css\">.fusion-body .fusion-builder-column-4{width:100% !important;margin-top : 5px;margin-bottom : 0px;}.fusion-builder-column-4 > .fusion-column-wrapper {padding-top : 0px !important;padding-right : 0px !important;margin-right : 1.92%;padding-bottom : 0px !important;padding-left : 0px !important;margin-left : 1.92%;}@media only screen and (max-width:1024px) {.fusion-body .fusion-builder-column-4{width:100% !important;order : 0;}.fusion-builder-column-4 > .fusion-column-wrapper {margin-right : 1.92%;margin-left : 1.92%;}}@media only screen and (max-width:766px) {.fusion-body .fusion-builder-column-4{width:100% !important;order : 0;}.fusion-builder-column-4 > .fusion-column-wrapper {margin-right : 1.92%;margin-left : 1.92%;}}<\/style><\/div><div class=\"fusion-layout-column fusion_builder_column fusion-builder-column-5 fusion_builder_column_1_1 1_1 fusion-flex-column\"><div class=\"fusion-column-wrapper fusion-flex-justify-content-flex-start fusion-content-layout-column\" style=\"background-position:left top;background-repeat:no-repeat;-webkit-background-size:cover;-moz-background-size:cover;-o-background-size:cover;background-size:cover;padding: 0px 0px 0px 0px;\"><div class=\"fusion-text fusion-text-6\"><h3 class=\"fontSemibold\" style=\"color: #4298b5;\"><span style=\"font-weight: normal;\">Zielgruppe:<\/span><\/h3>\n<p><span style=\"font-style: var(--body_typography-font-style,normal); letter-spacing: var(--body_typography-letter-spacing);\">Ich berate, coache, st\u00e4rke und begleite <\/span><span style=\"font-style: var(--body_typography-font-style,normal); letter-spacing: var(--body_typography-letter-spacing);\">Einzelpersonen und Teams.\u00a0<\/span><\/p>\n<p><strong><span style=\"color: #4298b5;\">Ein gesundes Arbeitsumfeld ist kein Zufall \u2013 es ist das Ergebnis bewusster F\u00fcrsorge und klarer Strategie.\u00a0<\/span><\/strong><\/p>\n<\/div><\/div><style type=\"text\/css\">.fusion-body .fusion-builder-column-5{width:100% !important;margin-top : 5px;margin-bottom : 20px;}.fusion-builder-column-5 > .fusion-column-wrapper {padding-top : 0px !important;padding-right : 0px !important;margin-right : 1.92%;padding-bottom : 0px !important;padding-left : 0px !important;margin-left : 1.92%;}@media only screen and (max-width:1024px) {.fusion-body .fusion-builder-column-5{width:100% !important;order : 0;}.fusion-builder-column-5 > .fusion-column-wrapper {margin-right : 1.92%;margin-left : 1.92%;}}@media only screen and (max-width:766px) {.fusion-body .fusion-builder-column-5{width:100% !important;order : 0;}.fusion-builder-column-5 > .fusion-column-wrapper {margin-right : 1.92%;margin-left : 1.92%;}}<\/style><\/div><\/div><style type=\"text\/css\">.fusion-body .fusion-flex-container.fusion-builder-row-4{ padding-top : 0px;margin-top : 0px;padding-right : 0px;padding-bottom : 0px;margin-bottom : 0px;padding-left : 0px;}@media only screen and (max-width:1024px) {.fusion-body .fusion-flex-container.fusion-builder-row-4{ padding-right : 30px;padding-left : 30px;}}@media only screen and (max-width:766px) {.fusion-body .fusion-flex-container.fusion-builder-row-4{ padding-right : 20px;padding-left : 20px;}}<\/style><\/div>\n","protected":false},"excerpt":{"rendered":"","protected":false},"author":1,"featured_media":0,"parent":0,"menu_order":0,"comment_status":"closed","ping_status":"closed","template":"100-width.php","meta":{"footnotes":""},"class_list":["post-14524","page","type-page","status-publish","hentry"],"yoast_head":"<!-- This site is optimized with the Yoast SEO Premium plugin v22.4 (Yoast SEO v24.9) - https:\/\/yoast.com\/wordpress\/plugins\/seo\/ -->\r\n<title>Mentales, betriebliches Gesundheitscoaching - Killias Beratung<\/title>\r\n<meta name=\"description\" content=\"Wir als betriebliche Mentoren sorgen daf\u00fcr, dass psychische Wohlbefinden Ihrer Mitarbeitenden zu st\u00e4rken.\" \/>\r\n<meta name=\"robots\" content=\"index, follow, max-snippet:-1, max-image-preview:large, max-video-preview:-1\" \/>\r\n<link rel=\"canonical\" href=\"https:\/\/www.killias-beratung.ch\/index.php\/mentales-betriebliches-gesundheitscoaching\/\" \/>\r\n<meta property=\"og:locale\" content=\"de_DE\" \/>\r\n<meta property=\"og:type\" content=\"article\" \/>\r\n<meta property=\"og:title\" content=\"Mentales, betriebliches Gesundheitscoaching\" \/>\r\n<meta property=\"og:description\" content=\"Wir als betriebliche Mentoren sorgen daf\u00fcr, dass psychische Wohlbefinden Ihrer Mitarbeitenden zu st\u00e4rken.\" \/>\r\n<meta property=\"og:url\" content=\"https:\/\/www.killias-beratung.ch\/index.php\/mentales-betriebliches-gesundheitscoaching\/\" \/>\r\n<meta property=\"og:site_name\" content=\"Killias Beratung\" \/>\r\n<meta property=\"article:modified_time\" content=\"2025-11-01T08:30:45+00:00\" \/>\r\n<meta name=\"twitter:card\" content=\"summary_large_image\" \/>\r\n<script type=\"application\/ld+json\" class=\"yoast-schema-graph\">{\"@context\":\"https:\/\/schema.org\",\"@graph\":[{\"@type\":\"WebPage\",\"@id\":\"https:\/\/www.killias-beratung.ch\/index.php\/mentales-betriebliches-gesundheitscoaching\/\",\"url\":\"https:\/\/www.killias-beratung.ch\/index.php\/mentales-betriebliches-gesundheitscoaching\/\",\"name\":\"Mentales, betriebliches Gesundheitscoaching - Killias Beratung\",\"isPartOf\":{\"@id\":\"https:\/\/www.killias-beratung.ch\/#website\"},\"datePublished\":\"2024-04-04T11:40:00+00:00\",\"dateModified\":\"2025-11-01T08:30:45+00:00\",\"description\":\"Wir als betriebliche Mentoren sorgen daf\u00fcr, dass psychische Wohlbefinden Ihrer Mitarbeitenden zu st\u00e4rken.\",\"breadcrumb\":{\"@id\":\"https:\/\/www.killias-beratung.ch\/index.php\/mentales-betriebliches-gesundheitscoaching\/#breadcrumb\"},\"inLanguage\":\"de\",\"potentialAction\":[{\"@type\":\"ReadAction\",\"target\":[\"https:\/\/www.killias-beratung.ch\/index.php\/mentales-betriebliches-gesundheitscoaching\/\"]}]},{\"@type\":\"BreadcrumbList\",\"@id\":\"https:\/\/www.killias-beratung.ch\/index.php\/mentales-betriebliches-gesundheitscoaching\/#breadcrumb\",\"itemListElement\":[{\"@type\":\"ListItem\",\"position\":1,\"name\":\"Home\",\"item\":\"https:\/\/www.killias-beratung.ch\/\"},{\"@type\":\"ListItem\",\"position\":2,\"name\":\"Mentales, betriebliches Gesundheitscoaching\"}]},{\"@type\":\"WebSite\",\"@id\":\"https:\/\/www.killias-beratung.ch\/#website\",\"url\":\"https:\/\/www.killias-beratung.ch\/\",\"name\":\"Killias Beratung\",\"description\":\"\",\"publisher\":{\"@id\":\"https:\/\/www.killias-beratung.ch\/#organization\"},\"potentialAction\":[{\"@type\":\"SearchAction\",\"target\":{\"@type\":\"EntryPoint\",\"urlTemplate\":\"https:\/\/www.killias-beratung.ch\/?s={search_term_string}\"},\"query-input\":{\"@type\":\"PropertyValueSpecification\",\"valueRequired\":true,\"valueName\":\"search_term_string\"}}],\"inLanguage\":\"de\"},{\"@type\":\"Organization\",\"@id\":\"https:\/\/www.killias-beratung.ch\/#organization\",\"name\":\"Killias Beratung\",\"url\":\"https:\/\/www.killias-beratung.ch\/\",\"logo\":{\"@type\":\"ImageObject\",\"inLanguage\":\"de\",\"@id\":\"https:\/\/www.killias-beratung.ch\/#\/schema\/logo\/image\/\",\"url\":\"\",\"contentUrl\":\"\",\"caption\":\"Killias Beratung\"},\"image\":{\"@id\":\"https:\/\/www.killias-beratung.ch\/#\/schema\/logo\/image\/\"}}]}<\/script>\r\n<!-- \/ Yoast SEO Premium plugin. -->","yoast_head_json":{"title":"Mentales, betriebliches Gesundheitscoaching - Killias Beratung","description":"Wir als betriebliche Mentoren sorgen daf\u00fcr, dass psychische Wohlbefinden Ihrer Mitarbeitenden zu st\u00e4rken.","robots":{"index":"index","follow":"follow","max-snippet":"max-snippet:-1","max-image-preview":"max-image-preview:large","max-video-preview":"max-video-preview:-1"},"canonical":"https:\/\/www.killias-beratung.ch\/index.php\/mentales-betriebliches-gesundheitscoaching\/","og_locale":"de_DE","og_type":"article","og_title":"Mentales, betriebliches Gesundheitscoaching","og_description":"Wir als betriebliche Mentoren sorgen daf\u00fcr, dass psychische Wohlbefinden Ihrer Mitarbeitenden zu st\u00e4rken.","og_url":"https:\/\/www.killias-beratung.ch\/index.php\/mentales-betriebliches-gesundheitscoaching\/","og_site_name":"Killias Beratung","article_modified_time":"2025-11-01T08:30:45+00:00","twitter_card":"summary_large_image","schema":{"@context":"https:\/\/schema.org","@graph":[{"@type":"WebPage","@id":"https:\/\/www.killias-beratung.ch\/index.php\/mentales-betriebliches-gesundheitscoaching\/","url":"https:\/\/www.killias-beratung.ch\/index.php\/mentales-betriebliches-gesundheitscoaching\/","name":"Mentales, betriebliches Gesundheitscoaching - Killias Beratung","isPartOf":{"@id":"https:\/\/www.killias-beratung.ch\/#website"},"datePublished":"2024-04-04T11:40:00+00:00","dateModified":"2025-11-01T08:30:45+00:00","description":"Wir als betriebliche Mentoren sorgen daf\u00fcr, dass psychische Wohlbefinden Ihrer Mitarbeitenden zu st\u00e4rken.","breadcrumb":{"@id":"https:\/\/www.killias-beratung.ch\/index.php\/mentales-betriebliches-gesundheitscoaching\/#breadcrumb"},"inLanguage":"de","potentialAction":[{"@type":"ReadAction","target":["https:\/\/www.killias-beratung.ch\/index.php\/mentales-betriebliches-gesundheitscoaching\/"]}]},{"@type":"BreadcrumbList","@id":"https:\/\/www.killias-beratung.ch\/index.php\/mentales-betriebliches-gesundheitscoaching\/#breadcrumb","itemListElement":[{"@type":"ListItem","position":1,"name":"Home","item":"https:\/\/www.killias-beratung.ch\/"},{"@type":"ListItem","position":2,"name":"Mentales, betriebliches Gesundheitscoaching"}]},{"@type":"WebSite","@id":"https:\/\/www.killias-beratung.ch\/#website","url":"https:\/\/www.killias-beratung.ch\/","name":"Killias Beratung","description":"","publisher":{"@id":"https:\/\/www.killias-beratung.ch\/#organization"},"potentialAction":[{"@type":"SearchAction","target":{"@type":"EntryPoint","urlTemplate":"https:\/\/www.killias-beratung.ch\/?s={search_term_string}"},"query-input":{"@type":"PropertyValueSpecification","valueRequired":true,"valueName":"search_term_string"}}],"inLanguage":"de"},{"@type":"Organization","@id":"https:\/\/www.killias-beratung.ch\/#organization","name":"Killias Beratung","url":"https:\/\/www.killias-beratung.ch\/","logo":{"@type":"ImageObject","inLanguage":"de","@id":"https:\/\/www.killias-beratung.ch\/#\/schema\/logo\/image\/","url":"","contentUrl":"","caption":"Killias Beratung"},"image":{"@id":"https:\/\/www.killias-beratung.ch\/#\/schema\/logo\/image\/"}}]}},"_links":{"self":[{"href":"https:\/\/www.killias-beratung.ch\/index.php\/wp-json\/wp\/v2\/pages\/14524","targetHints":{"allow":["GET"]}}],"collection":[{"href":"https:\/\/www.killias-beratung.ch\/index.php\/wp-json\/wp\/v2\/pages"}],"about":[{"href":"https:\/\/www.killias-beratung.ch\/index.php\/wp-json\/wp\/v2\/types\/page"}],"author":[{"embeddable":true,"href":"https:\/\/www.killias-beratung.ch\/index.php\/wp-json\/wp\/v2\/users\/1"}],"replies":[{"embeddable":true,"href":"https:\/\/www.killias-beratung.ch\/index.php\/wp-json\/wp\/v2\/comments?post=14524"}],"version-history":[{"count":163,"href":"https:\/\/www.killias-beratung.ch\/index.php\/wp-json\/wp\/v2\/pages\/14524\/revisions"}],"predecessor-version":[{"id":20234,"href":"https:\/\/www.killias-beratung.ch\/index.php\/wp-json\/wp\/v2\/pages\/14524\/revisions\/20234"}],"wp:attachment":[{"href":"https:\/\/www.killias-beratung.ch\/index.php\/wp-json\/wp\/v2\/media?parent=14524"}],"curies":[{"name":"wp","href":"https:\/\/api.w.org\/{rel}","templated":true}]}}