{"id":13879,"date":"2024-04-08T10:02:33","date_gmt":"2024-04-08T08:02:33","guid":{"rendered":"http:\/\/skillmentoring.stilecht.ch\/?page_id=13879"},"modified":"2024-04-09T16:17:46","modified_gmt":"2024-04-09T14:17:46","slug":"impressum","status":"publish","type":"page","link":"https:\/\/www.killias-beratung.ch\/index.php\/impressum\/","title":{"rendered":"Impressum"},"content":{"rendered":"<div class=\"fusion-fullwidth fullwidth-box fusion-builder-row-1 fusion-flex-container nonhundred-percent-fullwidth non-hundred-percent-height-scrolling\" style=\"background-color: rgba(255,255,255,0);background-position: center center;background-repeat: no-repeat;border-width: 0px 0px 0px 0px;border-color:#eae9e9;border-style:solid;\" ><div class=\"fusion-builder-row fusion-row fusion-flex-align-items-flex-start\" style=\"max-width:1216.8px;margin-left: calc(-4% \/ 2 );margin-right: calc(-4% \/ 2 );\"><div class=\"fusion-layout-column fusion_builder_column fusion-builder-column-0 fusion_builder_column_1_1 1_1 fusion-flex-column\"><div class=\"fusion-column-wrapper fusion-flex-justify-content-flex-start fusion-content-layout-column\" style=\"background-position:left top;background-repeat:no-repeat;-webkit-background-size:cover;-moz-background-size:cover;-o-background-size:cover;background-size:cover;padding: 0px 0px 0px 0px;\"><style type=\"text\/css\">@media only screen and (max-width:1024px) {.fusion-title.fusion-title-1{margin-top:0px!important; margin-right:0px!important;margin-bottom:30px!important;margin-left:0px!important;}}@media only screen and (max-width:766px) {.fusion-title.fusion-title-1{margin-top:0px!important; margin-right:0px!important;margin-bottom:20px!important; margin-left:0px!important;}}<\/style><div class=\"fusion-title title fusion-title-1 fusion-title-text fusion-title-size-one\" style=\"margin-top:0px;margin-right:0px;margin-bottom:30px;margin-left:0px;\"><div class=\"title-sep-container title-sep-container-left fusion-no-large-visibility fusion-no-medium-visibility fusion-no-small-visibility\"><div class=\"title-sep sep-\" style=\"border-color:#e0dede;\"><\/div><\/div><span class=\"awb-title-spacer fusion-no-large-visibility fusion-no-medium-visibility fusion-no-small-visibility\"><\/span><h1 class=\"title-heading-left\" style=\"margin:0;\"><h1>Impressum<\/h1><\/h1><span class=\"awb-title-spacer\"><\/span><div class=\"title-sep-container title-sep-container-right\"><div class=\"title-sep sep-\" style=\"border-color:#e0dede;\"><\/div><\/div><\/div><style type=\"text\/css\">@media only screen and (max-width:1024px) {.fusion-title.fusion-title-2{margin-top:0px!important; margin-right:0px!important;margin-bottom:30px!important;margin-left:0px!important;}}@media only screen and (max-width:766px) {.fusion-title.fusion-title-2{margin-top:0px!important; margin-right:0px!important;margin-bottom:20px!important; margin-left:0px!important;}}<\/style><div class=\"fusion-title title fusion-title-2 fusion-title-text fusion-title-size-two\" style=\"margin-top:0px;margin-right:0px;margin-bottom:30px;margin-left:0px;\"><div class=\"title-sep-container title-sep-container-left fusion-no-large-visibility fusion-no-medium-visibility fusion-no-small-visibility\"><div class=\"title-sep sep-\" style=\"border-color:#e0dede;\"><\/div><\/div><span class=\"awb-title-spacer fusion-no-large-visibility fusion-no-medium-visibility fusion-no-small-visibility\"><\/span><h2 class=\"title-heading-left\" style=\"margin:0;\"><h2>Betreiber der Webseite<\/h2><\/h2><span class=\"awb-title-spacer\"><\/span><div class=\"title-sep-container title-sep-container-right\"><div class=\"title-sep sep-\" style=\"border-color:#e0dede;\"><\/div><\/div><\/div><div class=\"fusion-builder-row fusion-builder-row-inner fusion-row fusion-flex-align-items-flex-start\" style=\"width:104% !important;max-width:104% !important;margin-left: calc(-4% \/ 2 );margin-right: calc(-4% \/ 2 );\"><div class=\"fusion-layout-column fusion_builder_column_inner fusion-builder-nested-column-0 fusion_builder_column_inner_1_2 1_2 fusion-flex-column\"><div class=\"fusion-column-wrapper fusion-flex-justify-content-flex-start fusion-content-layout-column\" style=\"background-position:left top;background-repeat:no-repeat;-webkit-background-size:cover;-moz-background-size:cover;-o-background-size:cover;background-size:cover;padding: 0px 0px 0px 0px;\"><div class=\"fusion-text fusion-text-1\"><p>Copyright \u00a9 2023<br \/>\nSkillCare GmbH<br \/>\nGartenstrasse 3, CH-7000 Chur<br \/>\nVia Curtginatsch 8, CH-7159 Andiast<\/p>\n<p>Sofern nicht ausdr\u00fccklich anders vermerkt, sind alle Texte, Bilder, sowie Konzept, Design und Programmcodes der gesamten Webseite urheberrechtlich gesch\u00fctzt: Die Nutzung einzelner Elemente der Webseite bedarf der ausdr\u00fccklichen schriftlichen Zustimmung von Skill Care GmbH.<\/p>\n<\/div><\/div><style type=\"text\/css\">.fusion-body .fusion-builder-nested-column-0{width:50% !important;margin-top : 0px;margin-bottom : 20px;}.fusion-builder-nested-column-0 > .fusion-column-wrapper {padding-top : 0px !important;padding-right : 0px !important;margin-right : 3.84%;padding-bottom : 0px !important;padding-left : 0px !important;margin-left : 3.84%;}@media only screen and (max-width:1024px) {.fusion-body .fusion-builder-nested-column-0{width:100% !important;order : 0;}.fusion-builder-nested-column-0 > .fusion-column-wrapper {margin-right : 1.92%;margin-left : 1.92%;}}@media only screen and (max-width:766px) {.fusion-body .fusion-builder-nested-column-0{width:100% !important;order : 0;}.fusion-builder-nested-column-0 > .fusion-column-wrapper {margin-right : 1.92%;margin-left : 1.92%;}}<\/style><\/div><div class=\"fusion-layout-column fusion_builder_column_inner fusion-builder-nested-column-1 fusion_builder_column_inner_1_2 1_2 fusion-flex-column\"><div class=\"fusion-column-wrapper fusion-flex-justify-content-flex-start fusion-content-layout-column\" style=\"background-position:left top;background-repeat:no-repeat;-webkit-background-size:cover;-moz-background-size:cover;-o-background-size:cover;background-size:cover;padding: 0px 0px 0px 0px;\"><div class=\"fusion-text fusion-text-2\"><p>Trotz sorgf\u00e4ltiger inhaltlicher Kontrolle \u00fcbernehmen wir keine Haftung f\u00fcr die Inhalte externer Links. F\u00fcr den Inhalt der verlinkten Seiten sind ausschliesslich deren Betreiber verantwortlich.<\/p>\n<p>Die Nutzung der Website der killias-beratung.ch erfolgt auf eigenes Risiko. Eine Haftung f\u00fcr die Inanspruchnahme der Services oder deren Nichtverf\u00fcgbarkeit kann nicht \u00fcbernommen werden. Dies gilt auch f\u00fcr allf\u00e4llige Folgesch\u00e4den. Preis\u00e4nderungen und Irrt\u00fcmer in den Produktbeschreibungen sind vorbehalten.<\/p>\n<\/div><\/div><style type=\"text\/css\">.fusion-body .fusion-builder-nested-column-1{width:50% !important;margin-top : 0px;margin-bottom : 20px;}.fusion-builder-nested-column-1 > .fusion-column-wrapper {padding-top : 0px !important;padding-right : 0px !important;margin-right : 3.84%;padding-bottom : 0px !important;padding-left : 0px !important;margin-left : 3.84%;}@media only screen and (max-width:1024px) {.fusion-body .fusion-builder-nested-column-1{width:100% !important;order : 0;}.fusion-builder-nested-column-1 > .fusion-column-wrapper {margin-right : 1.92%;margin-left : 1.92%;}}@media only screen and (max-width:766px) {.fusion-body .fusion-builder-nested-column-1{width:100% !important;order : 0;}.fusion-builder-nested-column-1 > .fusion-column-wrapper {margin-right : 1.92%;margin-left : 1.92%;}}<\/style><\/div><\/div><style type=\"text\/css\">@media only screen and (max-width:1024px) {.fusion-title.fusion-title-3{margin-top:0px!important; margin-right:0px!important;margin-bottom:30px!important;margin-left:0px!important;}}@media only screen and (max-width:766px) {.fusion-title.fusion-title-3{margin-top:0px!important; margin-right:0px!important;margin-bottom:20px!important; margin-left:0px!important;}}<\/style><div class=\"fusion-title title fusion-title-3 fusion-title-text fusion-title-size-two\" style=\"margin-top:0px;margin-right:0px;margin-bottom:30px;margin-left:0px;\"><div class=\"title-sep-container title-sep-container-left fusion-no-large-visibility fusion-no-medium-visibility fusion-no-small-visibility\"><div class=\"title-sep sep-\" style=\"border-color:#e0dede;\"><\/div><\/div><span class=\"awb-title-spacer fusion-no-large-visibility fusion-no-medium-visibility fusion-no-small-visibility\"><\/span><h2 class=\"title-heading-left\" style=\"margin:0;\"><h2>Design und Produktion<\/h2><\/h2><span class=\"awb-title-spacer\"><\/span><div class=\"title-sep-container title-sep-container-right\"><div class=\"title-sep sep-\" style=\"border-color:#e0dede;\"><\/div><\/div><\/div><div class=\"fusion-text fusion-text-3\"><p>Stilecht Andreas Panzer SGD<br \/>\nVisuelle Kommunikation | S\u00e4genstrasse 4 | 7000 Chur<\/p>\n<p>Tel: <a href=\"tel:+41812504836\">081 250 48 36<\/a><br \/>\nE-Mail: <a href=\"mailto:panzer@stilecht.ch\">panzer@stilecht.ch<\/a><br \/>\n<a href=\"https:\/\/www.stilecht.ch\" target=\"_blank\" rel=\"noopener noreferrer\">www.stilecht.ch<\/a><\/p>\n<\/div><\/div><style type=\"text\/css\">.fusion-body .fusion-builder-column-0{width:100% !important;margin-top : 0px;margin-bottom : 20px;}.fusion-builder-column-0 > .fusion-column-wrapper {padding-top : 0px !important;padding-right : 0px !important;margin-right : 1.92%;padding-bottom : 0px !important;padding-left : 0px !important;margin-left : 1.92%;}@media only screen and (max-width:1024px) {.fusion-body .fusion-builder-column-0{width:100% !important;order : 0;}.fusion-builder-column-0 > .fusion-column-wrapper {margin-right : 1.92%;margin-left : 1.92%;}}@media only screen and (max-width:766px) {.fusion-body .fusion-builder-column-0{width:100% !important;order : 0;}.fusion-builder-column-0 > .fusion-column-wrapper {margin-right : 1.92%;margin-left : 1.92%;}}<\/style><\/div><\/div><style type=\"text\/css\">.fusion-body .fusion-flex-container.fusion-builder-row-1{ padding-top : 0px;margin-top : 50px;padding-right : 0px;padding-bottom : 0px;margin-bottom : 0px;padding-left : 0px;}<\/style><\/div>\n","protected":false},"excerpt":{"rendered":"","protected":false},"author":1,"featured_media":0,"parent":0,"menu_order":0,"comment_status":"closed","ping_status":"closed","template":"100-width.php","meta":{"footnotes":""},"class_list":["post-13879","page","type-page","status-publish","hentry"],"yoast_head":"<!-- This site is optimized with the Yoast SEO Premium plugin v22.4 (Yoast SEO v24.9) - https:\/\/yoast.com\/wordpress\/plugins\/seo\/ -->\r\n<title>Impressum - Killias Beratung<\/title>\r\n<meta name=\"description\" content=\"Sonja Killias betreibt die Website seit 2021. Design und Umsetzung wurde durch Stilecht in Chur vorgenommen.\" \/>\r\n<meta name=\"robots\" content=\"index, follow, max-snippet:-1, max-image-preview:large, max-video-preview:-1\" \/>\r\n<link rel=\"canonical\" href=\"https:\/\/www.killias-beratung.ch\/index.php\/impressum\/\" \/>\r\n<meta property=\"og:locale\" content=\"de_DE\" \/>\r\n<meta property=\"og:type\" content=\"article\" \/>\r\n<meta property=\"og:title\" content=\"Impressum\" \/>\r\n<meta property=\"og:description\" content=\"Sonja Killias betreibt die Website seit 2021. Design und Umsetzung wurde durch Stilecht in Chur vorgenommen.\" \/>\r\n<meta property=\"og:url\" content=\"https:\/\/www.killias-beratung.ch\/index.php\/impressum\/\" \/>\r\n<meta property=\"og:site_name\" content=\"Killias Beratung\" \/>\r\n<meta property=\"article:modified_time\" content=\"2024-04-09T14:17:46+00:00\" \/>\r\n<meta name=\"twitter:card\" content=\"summary_large_image\" \/>\r\n<script type=\"application\/ld+json\" class=\"yoast-schema-graph\">{\"@context\":\"https:\/\/schema.org\",\"@graph\":[{\"@type\":\"WebPage\",\"@id\":\"https:\/\/www.killias-beratung.ch\/index.php\/impressum\/\",\"url\":\"https:\/\/www.killias-beratung.ch\/index.php\/impressum\/\",\"name\":\"Impressum - Killias Beratung\",\"isPartOf\":{\"@id\":\"https:\/\/www.killias-beratung.ch\/#website\"},\"datePublished\":\"2024-04-08T08:02:33+00:00\",\"dateModified\":\"2024-04-09T14:17:46+00:00\",\"description\":\"Sonja Killias betreibt die Website seit 2021. Design und Umsetzung wurde durch Stilecht in Chur vorgenommen.\",\"breadcrumb\":{\"@id\":\"https:\/\/www.killias-beratung.ch\/index.php\/impressum\/#breadcrumb\"},\"inLanguage\":\"de\",\"potentialAction\":[{\"@type\":\"ReadAction\",\"target\":[\"https:\/\/www.killias-beratung.ch\/index.php\/impressum\/\"]}]},{\"@type\":\"BreadcrumbList\",\"@id\":\"https:\/\/www.killias-beratung.ch\/index.php\/impressum\/#breadcrumb\",\"itemListElement\":[{\"@type\":\"ListItem\",\"position\":1,\"name\":\"Home\",\"item\":\"https:\/\/www.killias-beratung.ch\/\"},{\"@type\":\"ListItem\",\"position\":2,\"name\":\"Impressum\"}]},{\"@type\":\"WebSite\",\"@id\":\"https:\/\/www.killias-beratung.ch\/#website\",\"url\":\"https:\/\/www.killias-beratung.ch\/\",\"name\":\"Killias Beratung\",\"description\":\"\",\"publisher\":{\"@id\":\"https:\/\/www.killias-beratung.ch\/#organization\"},\"potentialAction\":[{\"@type\":\"SearchAction\",\"target\":{\"@type\":\"EntryPoint\",\"urlTemplate\":\"https:\/\/www.killias-beratung.ch\/?s={search_term_string}\"},\"query-input\":{\"@type\":\"PropertyValueSpecification\",\"valueRequired\":true,\"valueName\":\"search_term_string\"}}],\"inLanguage\":\"de\"},{\"@type\":\"Organization\",\"@id\":\"https:\/\/www.killias-beratung.ch\/#organization\",\"name\":\"Killias Beratung\",\"url\":\"https:\/\/www.killias-beratung.ch\/\",\"logo\":{\"@type\":\"ImageObject\",\"inLanguage\":\"de\",\"@id\":\"https:\/\/www.killias-beratung.ch\/#\/schema\/logo\/image\/\",\"url\":\"\",\"contentUrl\":\"\",\"caption\":\"Killias Beratung\"},\"image\":{\"@id\":\"https:\/\/www.killias-beratung.ch\/#\/schema\/logo\/image\/\"}}]}<\/script>\r\n<!-- \/ Yoast SEO Premium plugin. -->","yoast_head_json":{"title":"Impressum - Killias Beratung","description":"Sonja Killias betreibt die Website seit 2021. Design und Umsetzung wurde durch Stilecht in Chur vorgenommen.","robots":{"index":"index","follow":"follow","max-snippet":"max-snippet:-1","max-image-preview":"max-image-preview:large","max-video-preview":"max-video-preview:-1"},"canonical":"https:\/\/www.killias-beratung.ch\/index.php\/impressum\/","og_locale":"de_DE","og_type":"article","og_title":"Impressum","og_description":"Sonja Killias betreibt die Website seit 2021. Design und Umsetzung wurde durch Stilecht in Chur vorgenommen.","og_url":"https:\/\/www.killias-beratung.ch\/index.php\/impressum\/","og_site_name":"Killias Beratung","article_modified_time":"2024-04-09T14:17:46+00:00","twitter_card":"summary_large_image","schema":{"@context":"https:\/\/schema.org","@graph":[{"@type":"WebPage","@id":"https:\/\/www.killias-beratung.ch\/index.php\/impressum\/","url":"https:\/\/www.killias-beratung.ch\/index.php\/impressum\/","name":"Impressum - Killias Beratung","isPartOf":{"@id":"https:\/\/www.killias-beratung.ch\/#website"},"datePublished":"2024-04-08T08:02:33+00:00","dateModified":"2024-04-09T14:17:46+00:00","description":"Sonja Killias betreibt die Website seit 2021. Design und Umsetzung wurde durch Stilecht in Chur vorgenommen.","breadcrumb":{"@id":"https:\/\/www.killias-beratung.ch\/index.php\/impressum\/#breadcrumb"},"inLanguage":"de","potentialAction":[{"@type":"ReadAction","target":["https:\/\/www.killias-beratung.ch\/index.php\/impressum\/"]}]},{"@type":"BreadcrumbList","@id":"https:\/\/www.killias-beratung.ch\/index.php\/impressum\/#breadcrumb","itemListElement":[{"@type":"ListItem","position":1,"name":"Home","item":"https:\/\/www.killias-beratung.ch\/"},{"@type":"ListItem","position":2,"name":"Impressum"}]},{"@type":"WebSite","@id":"https:\/\/www.killias-beratung.ch\/#website","url":"https:\/\/www.killias-beratung.ch\/","name":"Killias Beratung","description":"","publisher":{"@id":"https:\/\/www.killias-beratung.ch\/#organization"},"potentialAction":[{"@type":"SearchAction","target":{"@type":"EntryPoint","urlTemplate":"https:\/\/www.killias-beratung.ch\/?s={search_term_string}"},"query-input":{"@type":"PropertyValueSpecification","valueRequired":true,"valueName":"search_term_string"}}],"inLanguage":"de"},{"@type":"Organization","@id":"https:\/\/www.killias-beratung.ch\/#organization","name":"Killias Beratung","url":"https:\/\/www.killias-beratung.ch\/","logo":{"@type":"ImageObject","inLanguage":"de","@id":"https:\/\/www.killias-beratung.ch\/#\/schema\/logo\/image\/","url":"","contentUrl":"","caption":"Killias Beratung"},"image":{"@id":"https:\/\/www.killias-beratung.ch\/#\/schema\/logo\/image\/"}}]}},"_links":{"self":[{"href":"https:\/\/www.killias-beratung.ch\/index.php\/wp-json\/wp\/v2\/pages\/13879","targetHints":{"allow":["GET"]}}],"collection":[{"href":"https:\/\/www.killias-beratung.ch\/index.php\/wp-json\/wp\/v2\/pages"}],"about":[{"href":"https:\/\/www.killias-beratung.ch\/index.php\/wp-json\/wp\/v2\/types\/page"}],"author":[{"embeddable":true,"href":"https:\/\/www.killias-beratung.ch\/index.php\/wp-json\/wp\/v2\/users\/1"}],"replies":[{"embeddable":true,"href":"https:\/\/www.killias-beratung.ch\/index.php\/wp-json\/wp\/v2\/comments?post=13879"}],"version-history":[{"count":8,"href":"https:\/\/www.killias-beratung.ch\/index.php\/wp-json\/wp\/v2\/pages\/13879\/revisions"}],"predecessor-version":[{"id":17990,"href":"https:\/\/www.killias-beratung.ch\/index.php\/wp-json\/wp\/v2\/pages\/13879\/revisions\/17990"}],"wp:attachment":[{"href":"https:\/\/www.killias-beratung.ch\/index.php\/wp-json\/wp\/v2\/media?parent=13879"}],"curies":[{"name":"wp","href":"https:\/\/api.w.org\/{rel}","templated":true}]}}